{"id":813,"date":"2017-09-18T09:57:54","date_gmt":"2017-09-18T07:57:54","guid":{"rendered":"https:\/\/rrsp340.waw.pl\/?page_id=813"},"modified":"2017-09-19T20:12:42","modified_gmt":"2017-09-19T18:12:42","slug":"sklad-rady-rodzicow-rok-2017-18","status":"publish","type":"page","link":"https:\/\/rrsp340.waw.pl\/sklad-rady-rodzicow-rok-2017-18\/","title":{"rendered":"Sk\u0142ad Rady Rodzic\u00f3w rok 2017\/2018"},"content":{"rendered":"<table>\n<tbody>\n<tr>\n<td><strong>L.p.<\/strong><\/td>\n<td><strong>Klasa<\/strong><\/td>\n<td><strong>Budynek<\/strong><\/td>\n<td><strong>Imi\u0119 i Nazwisko<\/strong><\/td>\n<\/tr>\n<tr>\n<td>1<\/td>\n<td>0A<\/td>\n<td>SP<\/td>\n<td>Katarzyna Wi\u015bniewska<\/td>\n<\/tr>\n<tr>\n<td>2<\/td>\n<td>0B<\/td>\n<td>SP<\/td>\n<td>Tomasz Biernat<\/td>\n<\/tr>\n<tr>\n<td>3<\/td>\n<td>0C<\/td>\n<td>SP<\/td>\n<td>Ewelina Jasek<\/td>\n<\/tr>\n<tr>\n<td>4<\/td>\n<td>0D<\/td>\n<td>SP<\/td>\n<td>Malwina Czerska<\/td>\n<\/tr>\n<tr>\n<td>5<\/td>\n<td>1A<\/td>\n<td>SP<\/td>\n<td>Renata Ros\u00f3\u0142<\/td>\n<\/tr>\n<tr>\n<td>6<\/td>\n<td>1B<\/td>\n<td>SP<\/td>\n<td>Kamil Wawrzyniak<\/td>\n<\/tr>\n<tr>\n<td>7<\/td>\n<td>1C<\/td>\n<td>SP<\/td>\n<td>Katarzyna Szafran<\/td>\n<\/tr>\n<tr>\n<td>8<\/td>\n<td>1D<\/td>\n<td>SP<\/td>\n<td>Piotr Sucho\u0144ski<\/td>\n<\/tr>\n<tr>\n<td>9<\/td>\n<td>1E<\/td>\n<td>SP<\/td>\n<td>Micha\u0142 Kudraszew<\/td>\n<\/tr>\n<tr>\n<td>10<\/td>\n<td>1F<\/td>\n<td>SP<\/td>\n<td>Agnieszka Szczepek<\/td>\n<\/tr>\n<tr>\n<td>11<\/td>\n<td>2A<\/td>\n<td>SP<\/td>\n<td>Ma\u0142gorzata Fa\u0142kowska-Warska<\/td>\n<\/tr>\n<tr>\n<td>12<\/td>\n<td>2B<\/td>\n<td>SP<\/td>\n<td>Maciej Grzeszczuk<\/td>\n<\/tr>\n<tr>\n<td>13<\/td>\n<td>2C<\/td>\n<td>SP<\/td>\n<td>Justyna Wawrzyniak<\/td>\n<\/tr>\n<tr>\n<td>14<\/td>\n<td>2D<\/td>\n<td>SP<\/td>\n<td>Ma\u0142gorzata Banasiuk<\/td>\n<\/tr>\n<tr>\n<td>15<\/td>\n<td>2E<\/td>\n<td>SP<\/td>\n<td>Piotr Chojnacki<\/td>\n<\/tr>\n<tr>\n<td>16<\/td>\n<td>3A<\/td>\n<td>SP<\/td>\n<td>Katarzyna Kahn &#8211; Gudaszewska<\/td>\n<\/tr>\n<tr>\n<td>17<\/td>\n<td>3B<\/td>\n<td>SP<\/td>\n<td>Renata Resiak<\/td>\n<\/tr>\n<tr>\n<td>18<\/td>\n<td>3C<\/td>\n<td>SP<\/td>\n<td>Grzegorz Kaczor<\/td>\n<\/tr>\n<tr>\n<td>19<\/td>\n<td>3D<\/td>\n<td>SP<\/td>\n<td>Grzegorz Linowski<\/td>\n<\/tr>\n<tr>\n<td>20<\/td>\n<td>3E<\/td>\n<td>SP<\/td>\n<td>Anna Fajkowska<\/td>\n<\/tr>\n<tr>\n<td>21<\/td>\n<td>3F<\/td>\n<td>SP<\/td>\n<td>Katarzyna Ma\u0142ecka<\/td>\n<\/tr>\n<tr>\n<td>22<\/td>\n<td>3G<\/td>\n<td>SP<\/td>\n<td>Martyna Przedpolewska<\/td>\n<\/tr>\n<tr>\n<td>23<\/td>\n<td>3H<\/td>\n<td>SP<\/td>\n<td>Magda Janik<\/td>\n<\/tr>\n<tr>\n<td>24<\/td>\n<td>3I<\/td>\n<td>SP<\/td>\n<td>Urszula Jenorowska<\/td>\n<\/tr>\n<tr>\n<td>25<\/td>\n<td>3J<\/td>\n<td>SP<\/td>\n<td>Bartosz Goryluk-Gierszewski<\/td>\n<\/tr>\n<tr>\n<td>26<\/td>\n<td>3K<\/td>\n<td>SP<\/td>\n<td>Agnieszka D\u0105browska<\/td>\n<\/tr>\n<tr>\n<td>27<\/td>\n<td>3L<\/td>\n<td>SP<\/td>\n<td>Joanna Wojtkun<\/td>\n<\/tr>\n<tr>\n<td>28<\/td>\n<td>4A<\/td>\n<td>SP<\/td>\n<td>Maciej Zawadzki<\/td>\n<\/tr>\n<tr>\n<td>29<\/td>\n<td>4B<\/td>\n<td>SP<\/td>\n<td>Ireneusz S\u0142omski<\/td>\n<\/tr>\n<tr>\n<td>30<\/td>\n<td>4C<\/td>\n<td>SP<\/td>\n<td>Miko\u0142aj Pytel<\/td>\n<\/tr>\n<tr>\n<td>31<\/td>\n<td>4D<\/td>\n<td>SP<\/td>\n<td>Karolina Tryzybowicz<\/td>\n<\/tr>\n<tr>\n<td>32<\/td>\n<td>4E<\/td>\n<td>SP<\/td>\n<td>Marcin Ostaniewicz<\/td>\n<\/tr>\n<tr>\n<td>33<\/td>\n<td>4F<\/td>\n<td>SP<\/td>\n<td>Mariusz Sobolewski<\/td>\n<\/tr>\n<tr>\n<td>34<\/td>\n<td>4G<\/td>\n<td>SP<\/td>\n<td>Zuzanna Smolarek &#8211; W\u00f3jcik<\/td>\n<\/tr>\n<tr>\n<td>35<\/td>\n<td>4H<\/td>\n<td>SP<\/td>\n<td>Ewa Jurga-Zastocka<\/td>\n<\/tr>\n<tr>\n<td>36<\/td>\n<td>4I<\/td>\n<td>SP<\/td>\n<td>Karina Skrzypczak<\/td>\n<\/tr>\n<tr>\n<td>37<\/td>\n<td>5A<\/td>\n<td>SP<\/td>\n<td>Robert Wojciechowski<\/td>\n<\/tr>\n<tr>\n<td>38<\/td>\n<td>5B<\/td>\n<td>SP<\/td>\n<td>Agnieszka Kaleta<\/td>\n<\/tr>\n<tr>\n<td>39<\/td>\n<td>5C<\/td>\n<td>SP<\/td>\n<td>Tomasz W\u0142odarczyk<\/td>\n<\/tr>\n<tr>\n<td>40<\/td>\n<td>5D<\/td>\n<td>SP<\/td>\n<td>Krzysztof Tomaszek<\/td>\n<\/tr>\n<tr>\n<td>41<\/td>\n<td>5E<\/td>\n<td>SP<\/td>\n<td>Magdalena Bury<\/td>\n<\/tr>\n<tr>\n<td>42<\/td>\n<td>5F<\/td>\n<td>SP<\/td>\n<td>Ewa Marmurska-Karpi\u0144ska<\/td>\n<\/tr>\n<tr>\n<td>43<\/td>\n<td>6A<\/td>\n<td>SP<\/td>\n<td>Jacek Zaj\u0105czkowski<\/td>\n<\/tr>\n<tr>\n<td>44<\/td>\n<td>6B<\/td>\n<td>SP<\/td>\n<td>Krzysztof Mencel<\/td>\n<\/tr>\n<tr>\n<td>45<\/td>\n<td>6C<\/td>\n<td>SP<\/td>\n<td>Agnieszka Rogulska<\/td>\n<\/tr>\n<tr>\n<td>46<\/td>\n<td>6D<\/td>\n<td>SP<\/td>\n<td>Piotr Kielak<\/td>\n<\/tr>\n<tr>\n<td>47<\/td>\n<td>6E<\/td>\n<td>SP<\/td>\n<td>Ma\u0142gorzata Kosicka-G\u0119bska<\/td>\n<\/tr>\n<tr>\n<td>48<\/td>\n<td>6F<\/td>\n<td>SP<\/td>\n<td>Danuta G\u00f3rnicka<\/td>\n<\/tr>\n<tr>\n<td>49<\/td>\n<td>7A<\/td>\n<td>SP<\/td>\n<td>Krzysztof Karwacki<\/td>\n<\/tr>\n<tr>\n<td>50<\/td>\n<td>7B<\/td>\n<td>SP<\/td>\n<td>Hanna Milczarek<\/td>\n<\/tr>\n<tr>\n<td>51<\/td>\n<td>7C<\/td>\n<td>SP<\/td>\n<td>Paulina Ledwo\u0144<\/td>\n<\/tr>\n<tr>\n<td>52<\/td>\n<td>7D<\/td>\n<td>SP<\/td>\n<td>Magdalena Giedroy\u0107<\/td>\n<\/tr>\n<tr>\n<td>53<\/td>\n<td>7E<\/td>\n<td>SP<\/td>\n<td>Ma\u0142gorzata Remisiewicz<\/td>\n<\/tr>\n<tr>\n<td>54<\/td>\n<td>7F<\/td>\n<td>SP<\/td>\n<td>Agata Szczepa\u0144ska<\/td>\n<\/tr>\n<tr>\n<td>55<\/td>\n<td>2A<\/td>\n<td>GIM<\/td>\n<td>Tomasz Kopacz<\/td>\n<\/tr>\n<tr>\n<td>56<\/td>\n<td>2B<\/td>\n<td>GIM<\/td>\n<td>Edyta Korzeniowska<\/td>\n<\/tr>\n<tr>\n<td>57<\/td>\n<td>2C<\/td>\n<td>GIM<\/td>\n<td>Mariola Bartnicka Dorota Wierzchowska<\/td>\n<\/tr>\n<tr>\n<td>58<\/td>\n<td>2D<\/td>\n<td>GIM<\/td>\n<td>Grzegorz Soczewka<\/td>\n<\/tr>\n<tr>\n<td>59<\/td>\n<td>2E<\/td>\n<td>GIM<\/td>\n<td>Ma\u0142gorzata Ma\u0142kowska<\/td>\n<\/tr>\n<tr>\n<td>60<\/td>\n<td>2F<\/td>\n<td>GIM<\/td>\n<td>Tomasz Jaroszewski<\/td>\n<\/tr>\n<tr>\n<td>61<\/td>\n<td>2G<\/td>\n<td>GIM<\/td>\n<td>Jaros\u0142aw Witczak<\/td>\n<\/tr>\n<tr>\n<td>62<\/td>\n<td>2H<\/td>\n<td>GIM<\/td>\n<td>Karolina Liszy\u0144ska<\/td>\n<\/tr>\n<tr>\n<td>63<\/td>\n<td>2I<\/td>\n<td>GIM<\/td>\n<td>Agata Garvin<\/td>\n<\/tr>\n<tr>\n<td>64<\/td>\n<td>2J<\/td>\n<td>GIM<\/td>\n<td>Anna Chiczewska<\/td>\n<\/tr>\n<tr>\n<td>65<\/td>\n<td>2K<\/td>\n<td>GIM<\/td>\n<td>Iwona Szewczuk<\/td>\n<\/tr>\n<tr>\n<td>66<\/td>\n<td>3A<\/td>\n<td>GIM<\/td>\n<td>Magdalena Wichorska<\/td>\n<\/tr>\n<tr>\n<td>67<\/td>\n<td>3B<\/td>\n<td>GIM<\/td>\n<td>Ewa Babi\u0144ska-Bonatia<\/td>\n<\/tr>\n<tr>\n<td>68<\/td>\n<td>3C<\/td>\n<td>GIM<\/td>\n<td>Krzysztof Sura\u0142a<\/td>\n<\/tr>\n<tr>\n<td>69<\/td>\n<td>3D<\/td>\n<td>GIM<\/td>\n<td>Agnieszka \u0141y\u017cwi\u0144ska<\/td>\n<\/tr>\n<tr>\n<td>70<\/td>\n<td>3E<\/td>\n<td>GIM<\/td>\n<td>Beata Petlik<\/td>\n<\/tr>\n<tr>\n<td>71<\/td>\n<td>3F<\/td>\n<td>GIM<\/td>\n<td>Katarzyna Rymsza-\u017buk<\/td>\n<\/tr>\n<tr>\n<td>72<\/td>\n<td>3G<\/td>\n<td>GIM<\/td>\n<td>Anna Butkiewicz<\/td>\n<\/tr>\n<tr>\n<td>73<\/td>\n<td>3H<\/td>\n<td>GIM<\/td>\n<td>brak przedstawiciela<\/td>\n<\/tr>\n<tr>\n<td>74<\/td>\n<td>3I<\/td>\n<td>GIM<\/td>\n<td>Joanna D\u0119bowska<\/td>\n<\/tr>\n<tr>\n<td>75<\/td>\n<td>3J<\/td>\n<td>GIM<\/td>\n<td>Robert Werbi\u0144ski<\/td>\n<\/tr>\n<tr>\n<td>76<\/td>\n<td>3K<\/td>\n<td>GIM<\/td>\n<td>Anna Gruszczy\u0144ska<\/td>\n<\/tr>\n<\/tbody>\n<\/table>\n","protected":false},"excerpt":{"rendered":"<p>L.p. Klasa Budynek Imi\u0119 i Nazwisko 1 0A SP Katarzyna Wi\u015bniewska 2 0B SP Tomasz Biernat 3 0C SP Ewelina Jasek 4 0D SP Malwina Czerska 5 1A SP Renata Ros\u00f3\u0142 6 1B SP Kamil Wawrzyniak 7 1C SP Katarzyna Szafran 8 1D SP Piotr Sucho\u0144ski 9 1E SP Micha\u0142 Kudraszew 10 1F SP Agnieszka [&hellip;]<\/p>\n","protected":false},"author":4,"featured_media":0,"parent":0,"menu_order":0,"comment_status":"closed","ping_status":"closed","template":"","meta":{"_et_pb_use_builder":"","_et_pb_old_content":"","_et_gb_content_width":"","footnotes":""},"class_list":["post-813","page","type-page","status-publish","hentry"],"_links":{"self":[{"href":"https:\/\/rrsp340.waw.pl\/wp-json\/wp\/v2\/pages\/813","targetHints":{"allow":["GET"]}}],"collection":[{"href":"https:\/\/rrsp340.waw.pl\/wp-json\/wp\/v2\/pages"}],"about":[{"href":"https:\/\/rrsp340.waw.pl\/wp-json\/wp\/v2\/types\/page"}],"author":[{"embeddable":true,"href":"https:\/\/rrsp340.waw.pl\/wp-json\/wp\/v2\/users\/4"}],"replies":[{"embeddable":true,"href":"https:\/\/rrsp340.waw.pl\/wp-json\/wp\/v2\/comments?post=813"}],"version-history":[{"count":12,"href":"https:\/\/rrsp340.waw.pl\/wp-json\/wp\/v2\/pages\/813\/revisions"}],"predecessor-version":[{"id":863,"href":"https:\/\/rrsp340.waw.pl\/wp-json\/wp\/v2\/pages\/813\/revisions\/863"}],"wp:attachment":[{"href":"https:\/\/rrsp340.waw.pl\/wp-json\/wp\/v2\/media?parent=813"}],"curies":[{"name":"wp","href":"https:\/\/api.w.org\/{rel}","templated":true}]}}